{"id":16967,"date":"2024-03-20T15:52:37","date_gmt":"2024-03-20T22:52:37","guid":{"rendered":"https:\/\/svh.bitsculptor.net\/?page_id=16967"},"modified":"2024-10-28T12:35:52","modified_gmt":"2024-10-28T19:35:52","slug":"las-visitas-a-sonoma-valley-hospital","status":"publish","type":"page","link":"https:\/\/svh.bitsculptor.net\/es\/pacientes-y-visitantes\/visita-al-hospital\/las-visitas-a-sonoma-valley-hospital\/","title":{"rendered":"Las visitas a Sonoma Valley Hospital"},"content":{"rendered":"<p>Actualizado el lunes 30 de octubre de 2023<\/p>\n<p><strong>Se requiere el uso de mascarillas en todas las \u00e1reas de atenci\u00f3n al paciente de SVH, incluyendo la recepci\u00f3n principal.<br \/>\n<\/strong>Sabemos que los visitantes son muy importantes para nuestros pacientes mientras se encuentran en proceso de sanaci\u00f3n. Sonoma Valley Hospital ya no requiere un control para entrar al hospital, pero s\u00ed le solicitamos a todos los visitantes que eval\u00faen su condici\u00f3n de salud antes de ingresar a nuestras instalaciones. Ya no se requiere comprobaci\u00f3n de vacunaci\u00f3n para los visitantes a SVH.<\/p>\n<p><em>Los visitantes deben utilizar mascarillas, las cuales est\u00e1n disponibles en todas las entradas.<\/em><\/p>\n<p><strong>Visitantes<\/strong><br \/>\nLos visitantes deben de dirigirse directamente a la habitaci\u00f3n del paciente y permanecer all\u00ed hasta que salgan del hospital.<\/p>\n<p>No se permiten visitantes a los pacientes con sospecha o confirmaci\u00f3n de COVID, a menos que se trate de un paciente terminal o en circunstancias atenuantes y lo apruebe el m\u00e9dico responsable.<\/p>\n<ul>\n<li>Pacientes hospitalizados: Se permiten hasta DOS visitantes a la vez por paciente en la habitaci\u00f3n.<\/li>\n<li>Departamento de Urgencias: Si hay suficiente espacio, se permiten hasta DOS visitantes por paciente durante la estancia en el Departamento de Urgencias.<\/li>\n<li>Unidad de Atenci\u00f3n Quir\u00fargica: Seg\u00fan lo permita la capacidad, se autoriza hasta UN visitante en la Unidad de Atenci\u00f3n Quir\u00fargica (SVU) y hasta DOS visitantes en la sala de espera de la Unidad de Atenci\u00f3n Quir\u00fargica.<\/li>\n<\/ul>\n<p><strong>NOTA:<\/strong>\u00a0Esta pol\u00edtica de visitas est\u00e1 sujeta a cambios por parte de la administraci\u00f3n para cumplir con las medidas de prevenci\u00f3n de infecci\u00f3n y seguridad del paciente y del personal (actualizado el 3 de marzo de 2023).<\/p>\n<p><strong>USO DE MASCARILLAS:<\/strong>\u00a0 Se requiere el uso de mascarillas en todas las \u00e1reas de atenci\u00f3n al paciente de nuestras instalaciones, incluyendo la recepci\u00f3n principal. Hay mascarillas quir\u00fargicas disponibles en todas las entradas.<\/p>\n<hr class=\"wp-block-separator has-alpha-channel-opacity\" \/>\n<p><strong>Entr\u00f3 en vigor el lunes, 30 de octubre de 2023 seg\u00fan la Orden de Salud P\u00fablica del Estado de California: Se requiere el uso de mascarillas en todos los entornos de atenci\u00f3n m\u00e9dica. Vea la orden completa\u00a0<\/strong><a href=\"https:\/\/sonomacounty.ca.gov\/health-and-human-services\/health-services\/divisions\/public-health\/disease-control\/covid-19\/orders-from-the-health-officer\/order-of-the-health-officer-of-the-county-of-sonoma-no-rvp23-01\" target=\"_blank\" rel=\"noreferrer noopener\">AQU\u00cd<\/a><\/p>\n<p><strong>Le agradecemos y apreciamos su cooperaci\u00f3n para proteger a los pacientes, al personal y a la comunidad.<\/strong><\/p>\n","protected":false},"excerpt":{"rendered":"<p>Actualizado el lunes 30 de octubre de 2023 Se requiere el uso de mascarillas en todas las \u00e1reas de atenci\u00f3n al paciente de SVH, incluyendo la recepci\u00f3n principal. Sabemos que los visitantes son muy importantes para nuestros pacientes mientras se encuentran en proceso de sanaci\u00f3n. Sonoma Valley Hospital ya no requiere un control para entrar [&hellip;]<\/p>\n","protected":false},"author":1,"featured_media":19409,"parent":18064,"menu_order":0,"comment_status":"open","ping_status":"closed","template":"","meta":{"_et_pb_use_builder":"","_et_pb_old_content":"","_et_gb_content_width":"","footnotes":""},"class_list":["post-16967","page","type-page","status-publish","has-post-thumbnail","hentry"],"_links":{"self":[{"href":"https:\/\/svh.bitsculptor.net\/es\/wp-json\/wp\/v2\/pages\/16967","targetHints":{"allow":["GET"]}}],"collection":[{"href":"https:\/\/svh.bitsculptor.net\/es\/wp-json\/wp\/v2\/pages"}],"about":[{"href":"https:\/\/svh.bitsculptor.net\/es\/wp-json\/wp\/v2\/types\/page"}],"author":[{"embeddable":true,"href":"https:\/\/svh.bitsculptor.net\/es\/wp-json\/wp\/v2\/users\/1"}],"replies":[{"embeddable":true,"href":"https:\/\/svh.bitsculptor.net\/es\/wp-json\/wp\/v2\/comments?post=16967"}],"version-history":[{"count":1,"href":"https:\/\/svh.bitsculptor.net\/es\/wp-json\/wp\/v2\/pages\/16967\/revisions"}],"predecessor-version":[{"id":16968,"href":"https:\/\/svh.bitsculptor.net\/es\/wp-json\/wp\/v2\/pages\/16967\/revisions\/16968"}],"up":[{"embeddable":true,"href":"https:\/\/svh.bitsculptor.net\/es\/wp-json\/wp\/v2\/pages\/18064"}],"wp:featuredmedia":[{"embeddable":true,"href":"https:\/\/svh.bitsculptor.net\/es\/wp-json\/wp\/v2\/media\/19409"}],"wp:attachment":[{"href":"https:\/\/svh.bitsculptor.net\/es\/wp-json\/wp\/v2\/media?parent=16967"}],"curies":[{"name":"wp","href":"https:\/\/api.w.org\/{rel}","templated":true}]}}