{"id":17926,"date":"2024-09-16T20:44:34","date_gmt":"2024-09-17T03:44:34","guid":{"rendered":"https:\/\/svh.bitsculptor.net\/?page_id=17926"},"modified":"2024-10-28T12:18:49","modified_gmt":"2024-10-28T19:18:49","slug":"calidad-y-seguridad","status":"publish","type":"page","link":"https:\/\/svh.bitsculptor.net\/es\/pacientes-y-visitantes\/calidad-y-seguridad\/","title":{"rendered":"Calidad y Seguridad"},"content":{"rendered":"<p>P\u00e1ginas:<\/p>\n<p>Normas de calidad<\/p>\n<p>Atenci\u00f3n y seguridad<\/p>\n<p>Medicamentos y eliminaci\u00f3n de objetos punzantes<\/p>\n","protected":false},"excerpt":{"rendered":"<p>P\u00e1ginas: Normas de calidad Atenci\u00f3n y seguridad Medicamentos y eliminaci\u00f3n de objetos punzantes<\/p>\n","protected":false},"author":1,"featured_media":19405,"parent":17922,"menu_order":20,"comment_status":"closed","ping_status":"closed","template":"","meta":{"_et_pb_use_builder":"on","_et_pb_old_content":"","_et_gb_content_width":"","footnotes":""},"class_list":["post-17926","page","type-page","status-publish","has-post-thumbnail","hentry"],"_links":{"self":[{"href":"https:\/\/svh.bitsculptor.net\/es\/wp-json\/wp\/v2\/pages\/17926","targetHints":{"allow":["GET"]}}],"collection":[{"href":"https:\/\/svh.bitsculptor.net\/es\/wp-json\/wp\/v2\/pages"}],"about":[{"href":"https:\/\/svh.bitsculptor.net\/es\/wp-json\/wp\/v2\/types\/page"}],"author":[{"embeddable":true,"href":"https:\/\/svh.bitsculptor.net\/es\/wp-json\/wp\/v2\/users\/1"}],"replies":[{"embeddable":true,"href":"https:\/\/svh.bitsculptor.net\/es\/wp-json\/wp\/v2\/comments?post=17926"}],"version-history":[{"count":7,"href":"https:\/\/svh.bitsculptor.net\/es\/wp-json\/wp\/v2\/pages\/17926\/revisions"}],"predecessor-version":[{"id":18059,"href":"https:\/\/svh.bitsculptor.net\/es\/wp-json\/wp\/v2\/pages\/17926\/revisions\/18059"}],"up":[{"embeddable":true,"href":"https:\/\/svh.bitsculptor.net\/es\/wp-json\/wp\/v2\/pages\/17922"}],"wp:featuredmedia":[{"embeddable":true,"href":"https:\/\/svh.bitsculptor.net\/es\/wp-json\/wp\/v2\/media\/19405"}],"wp:attachment":[{"href":"https:\/\/svh.bitsculptor.net\/es\/wp-json\/wp\/v2\/media?parent=17926"}],"curies":[{"name":"wp","href":"https:\/\/api.w.org\/{rel}","templated":true}]}}