{"id":17935,"date":"2011-10-26T20:52:59","date_gmt":"2011-10-27T03:52:59","guid":{"rendered":"https:\/\/svh.bitsculptor.net\/como-llegar\/"},"modified":"2024-10-16T16:01:23","modified_gmt":"2024-10-16T23:01:23","slug":"como-llegar","status":"publish","type":"page","link":"https:\/\/svh.bitsculptor.net\/es\/sobre-nosotros\/informacion-y-recursos\/como-llegar\/","title":{"rendered":"C\u00f3mo Llegar"},"content":{"rendered":"<div id=\"postWrapper\" class=\"cf\">\n<div id=\"post\" class=\"cf\">\n<div id=\"SVHButton\" class=\"locationHover\" title=\"Haz clic para ver el mapa y c\u00f3mo llegar\">\n<h2><a>Hospital Valle de Sonoma<\/a><\/h2>\n<p><strong>347 Andrieux St. Sonoma, CA 95476<\/strong><br \/>\nHorario de visitas: De 11 a 20 h todos los d\u00edas.<br \/>\nEl Servicio de Urgencias est\u00e1 abierto 24 horas al d\u00eda, 7 d\u00edas a la semana.<br \/>\n<a href=\"https:\/\/www.google.com\/maps\/dir\/\/347+Andrieux+St,+Sonoma,+CA+95476\/@38.2880917,-122.4677577,17z\/data=!4m8!4m7!1m0!1m5!1m1!1s0x8085aea0ebe6b98f:0xa5f026c50660e7d!2m2!1d-122.4651774!2d38.2880917?entry=ttu\" target=\"_blank\" rel=\"noopener\"><strong>C\u00f3mo llegar<\/strong><\/a><\/p>\n<p>&nbsp;<\/p>\n<\/div>\n<div id=\"HPTButton\" class=\"locationHover\" title=\"Haz clic para ver el mapa y c\u00f3mo llegar\">\n<h2><a>SVH &#8211; Mano y Fisioterapia<\/a><\/h2>\n<p><strong>19312 Sonoma Highway, Suite B. Sonoma, CA 95476<\/strong><br \/>\n7 a 17 h, de lunes a viernes.<br \/>\n707.935.5345<br \/>\nFax: 707.935.5423<br \/>\n<a href=\"https:\/\/www.google.com\/maps\/dir\/\/19312+Sonoma+Hwy,+Sonoma,+CA+95476\/@38.2980732,-122.4751395,18z\/data=!4m8!4m7!1m0!1m5!1m1!1s0x8085ac3c8ff99fbd:0x3501a959026b2083!2m2!1d-122.4743047!2d38.2980718?entry=ttu\" target=\"_blank\" rel=\"noopener\"><strong>C\u00f3mo llegar<\/strong><\/a><\/p>\n<p>&nbsp;<\/p>\n<\/div>\n<div id=\"HAHButton\" class=\"locationHover\" title=\"Haz clic para ver el mapa y c\u00f3mo llegar\">\n<h2><a>Cl\u00ednica de Especialidades del Valle de Sonoma: Medicina Familiar<\/a><\/h2>\n<p><strong>270 Perkins Street, Sonoma, CA 95476<\/strong><br \/>\nTel\u00e9fono: 707.938.3131<br \/>\n<a href=\"https:\/\/www.google.com\/maps\/dir\/\/270+Perkins+St,+Sonoma,+CA+95476\/@38.2893518,-122.4657079,17z\/data=!4m8!4m7!1m0!1m5!1m1!1s0x8085aea74890d2a5:0x62f28b755c61b482!2m2!1d-122.463133!2d38.2893476?entry=ttu\" target=\"_blank\" rel=\"noopener\"><strong>C\u00f3mo llegar<\/strong><\/a><\/p>\n<p>&nbsp;<\/p>\n<\/div>\n<div id=\"SCButton\" class=\"locationHover\" title=\"Haz clic para ver el mapa y c\u00f3mo llegar\">\n<h2><a>Cl\u00ednica de Especialidades del Valle de Sonoma<\/a><\/h2>\n<p><strong>462 West Napa Street Sonoma, CA 95476<\/strong><br \/>\nOficina: 707-931-4219<br \/>\n<a href=\"https:\/\/www.google.com\/maps\/dir\/\/462+W+Napa+St,+Sonoma,+CA+95476\/@38.2930959,-122.4696661,17z\/data=!4m8!4m7!1m0!1m5!1m1!1s0x8085ac1f25a1bd4d:0xb71bb7dbe187cc3e!2m2!1d-122.4670912!2d38.2930917?entry=ttu\" target=\"_blank\" rel=\"noopener\"><strong>C\u00f3mo llegar<\/strong><\/a><\/p>\n<p>&nbsp;<\/p>\n<\/div>\n<div id=\"SPButton\" class=\"locationHover\" title=\"Haz clic para ver el mapa y c\u00f3mo llegar\">\n<h2><a>Consultorios de M\u00e9dicos Especialistas del Valle de Sonoma<\/a><\/h2>\n<p><strong>651 First Street West STE L Sonoma, CA 95476<\/strong><br \/>\nOficina: 707-938-3870 Ext. 1<br \/>\n<a href=\"https:\/\/www.google.com\/maps\/dir\/\/651+1st+St+W+l,+Sonoma,+CA+95476\/@38.2893802,-122.4621579,17z\/data=!4m8!4m7!1m0!1m5!1m1!1s0x8085aea7b6427c49:0xaa49cb4c0de3bbff!2m2!1d-122.459583!2d38.289376?entry=ttu\" target=\"_blank\" rel=\"noopener\"><strong>C\u00f3mo llegar<\/strong><\/a><\/p>\n<\/div>\n<\/div>\n<\/div>\n","protected":false},"excerpt":{"rendered":"<p>Hospital Valle de Sonoma 347 Andrieux St. Sonoma, CA 95476 Horario de visitas: De 11 a 20 h todos los d\u00edas. El Servicio de Urgencias est\u00e1 abierto 24 horas al d\u00eda, 7 d\u00edas a la semana. C\u00f3mo llegar &nbsp; SVH &#8211; Mano y Fisioterapia 19312 Sonoma Highway, Suite B. Sonoma, CA 95476 7 a 17 [&hellip;]<\/p>\n","protected":false},"author":3,"featured_media":19409,"parent":17941,"menu_order":60,"comment_status":"open","ping_status":"closed","template":"","meta":{"_et_pb_use_builder":"","_et_pb_old_content":"","_et_gb_content_width":"","footnotes":""},"class_list":["post-17935","page","type-page","status-publish","has-post-thumbnail","hentry"],"_links":{"self":[{"href":"https:\/\/svh.bitsculptor.net\/es\/wp-json\/wp\/v2\/pages\/17935","targetHints":{"allow":["GET"]}}],"collection":[{"href":"https:\/\/svh.bitsculptor.net\/es\/wp-json\/wp\/v2\/pages"}],"about":[{"href":"https:\/\/svh.bitsculptor.net\/es\/wp-json\/wp\/v2\/types\/page"}],"author":[{"embeddable":true,"href":"https:\/\/svh.bitsculptor.net\/es\/wp-json\/wp\/v2\/users\/3"}],"replies":[{"embeddable":true,"href":"https:\/\/svh.bitsculptor.net\/es\/wp-json\/wp\/v2\/comments?post=17935"}],"version-history":[{"count":1,"href":"https:\/\/svh.bitsculptor.net\/es\/wp-json\/wp\/v2\/pages\/17935\/revisions"}],"predecessor-version":[{"id":17942,"href":"https:\/\/svh.bitsculptor.net\/es\/wp-json\/wp\/v2\/pages\/17935\/revisions\/17942"}],"up":[{"embeddable":true,"href":"https:\/\/svh.bitsculptor.net\/es\/wp-json\/wp\/v2\/pages\/17941"}],"wp:featuredmedia":[{"embeddable":true,"href":"https:\/\/svh.bitsculptor.net\/es\/wp-json\/wp\/v2\/media\/19409"}],"wp:attachment":[{"href":"https:\/\/svh.bitsculptor.net\/es\/wp-json\/wp\/v2\/media?parent=17935"}],"curies":[{"name":"wp","href":"https:\/\/api.w.org\/{rel}","templated":true}]}}