{"id":18113,"date":"2011-11-28T15:24:20","date_gmt":"2011-11-28T23:24:20","guid":{"rendered":"https:\/\/svh.bitsculptor.net\/sobre-nosotros\/informacion-y-recursos\/contactenos\/"},"modified":"2025-12-09T14:20:47","modified_gmt":"2025-12-09T22:20:47","slug":"contactenos","status":"publish","type":"page","link":"https:\/\/svh.bitsculptor.net\/es\/sobre-nosotros\/informacion-y-recursos\/contactenos\/","title":{"rendered":"Cont\u00e1ctenos"},"content":{"rendered":"<p>[et_pb_section fb_built=\u00bb1&#8243; _builder_version=\u00bb4.16&#8243; global_colors_info=\u00bb{}\u00bb][et_pb_row _builder_version=\u00bb4.16&#8243; background_size=\u00bbinitial\u00bb background_position=\u00bbtop_left\u00bb background_repeat=\u00bbrepeat\u00bb global_colors_info=\u00bb{}\u00bb][et_pb_column type=\u00bb4_4&#8243; _builder_version=\u00bb4.16&#8243; custom_padding=\u00bb|||\u00bb global_colors_info=\u00bb{}\u00bb custom_padding__hover=\u00bb|||\u00bb][et_pb_text _builder_version=\u00bb4.27.4&#8243; background_size=\u00bbinitial\u00bb background_position=\u00bbtop_left\u00bb background_repeat=\u00bbrepeat\u00bb hover_enabled=\u00bb0&#8243; global_colors_info=\u00bb{}\u00bb sticky_enabled=\u00bb0&#8243;]<\/p>\n<p>Sonoma Valley Hospital se complace en proporcionarle la informaci\u00f3n que necesita acerca de los servicios, programas educativos y oportunidades de empleo del hospital. Esta informaci\u00f3n se actualiza regularmente. Puede contactarnos directamente por tel\u00e9fono o por correo electr\u00f3nico.<strong>\u00a0<\/strong><\/p>\n<p><strong>Direcci\u00f3n:<\/strong><br \/>347 Andrieux St,<br \/>Sonoma, CA 95476<\/p>\n<p><strong>Central telef\u00f3nica principal:<\/strong>\u00a0707.935.5000<\/p>\n<h3><strong>Informaci\u00f3n acerca de servicios y programas del hospital:<\/strong><\/h3>\n<p><strong>Correo principal:<\/strong>\u00a0<u><a href=\"mailto:administration@sonomavalleyhospital.org\">administration@sonomavalleyhospital.org<\/a><br \/><\/u><strong>Informaci\u00f3n acerca de la cobertura de seguro m\u00e9dico<\/strong>:\u00a0707.935.5214<br \/><strong>Preinscripci\u00f3n\/estimaciones de costos:<\/strong>\u00a0707.935.5350 o 707.935.5008<br \/><strong>Preguntas sobre facturas: <\/strong>\u00a0707.935.5325<br \/><strong>Ayuda para encontrar un m\u00e9dico: <\/strong><u><a href=\"\/es\/buscar-asistencia\/proveedores\">Encuentre un m\u00e9dico<\/a><br \/><\/u><strong>Oportunidades de empleo: <\/strong>Llame al 707.935.5177 o busque\u00a0<a href=\"\/es\/sobre-nosotros\/nuestro-personal-y-servicios\/empleo\"><u>Oportunidades laborales<\/u><strong>\u00a0<\/strong><\/a><\/p>\n<h3><strong>Informe sobre preocupaciones de la seguridad del paciente<\/strong><\/h3>\n<p>El SVH est\u00e1 acreditado por el Centro para la Mejora de la Calidad en la Atenci\u00f3n M\u00e9dica (CIHQ). El CIHQ le insta a cualquier persona que tenga inquietudes acerca de la seguridad o calidad de atenci\u00f3n a informarle primero a los dirigentes de la organizaci\u00f3n de atenci\u00f3n m\u00e9dica. Por favor, comparta sus inquietudes con el personal que le atiende, el responsable inmediato a cargo o el gerente del departamento para asegurar que sean atendidas y resueltas de manera efectiva.<\/p>\n<p>Cualquier persona que desee contactar al Centro para la Mejora de la Calidad en la Atenci\u00f3n M\u00e9dica (CIHQ) con respecto a inquietudes sobre la calidad de atenci\u00f3n puede hacerlo en l\u00ednea en\u00a0<u>cihq.org<\/u>\u00a0o llamando gratis al 1-866-324-5080.<\/p>\n<h3><strong>Otros contactos de departamentos:<\/strong><\/h3>\n<ul>\n<li><a role=\"link\" href=\"mailto:quality@sonomavalleyhospital.org\" target=\"_blank\" rel=\"noopener noreferrer\" aria-label=\"Contact SVH Quality Assurance (opens in a new tab)\">Contacte Garant\u00eda de calidad del SVH<\/a><\/li>\n<li><a role=\"link\" href=\"mailto:ckrusedelarosa@sonomavalleyhospital.org\" target=\"_blank\" rel=\"noopener noreferrer\" aria-label=\"Contact SVH Administration (opens in a new tab)\">Contacte Administraci\u00f3n del SVH<\/a><\/li>\n<li><a role=\"link\" href=\"mailto:rpryszmant@sonomavalleyhospital.org\">Contacte Historiales m\u00e9dicos<\/a><\/li>\n<li><a role=\"link\" href=\"mailto:lstone@sonomavalleyhospital.org\">Contacto Facturaci\u00f3n<\/a><\/li>\n<li><a role=\"link\" href=\"mailto:dkuwahara@sonomavalleyhospital.org\">Contacte Salud laboral<\/a><\/li>\n<li><a role=\"link\" href=\"mailto:dkuwahara@sonomavalleyhospital.org\">Contacte Medicina del viajero<\/a><\/li>\n<li><a role=\"link\" href=\"mailto:dkuwahara@sonomavalleyhospital.org\">Contacte Servicios cardiopulmonares<\/a><\/li>\n<li><a role=\"link\" href=\"mailto:nhadjiyanni@sonomavalleyhospital.org\">Contacte Servicios de laboratorio<\/a><\/li>\n<li><a role=\"link\" href=\"mailto:dkuwahara@sonomavalleyhospital.org\">Contacte Im\u00e1genes m\u00e9dicas<\/a><\/li>\n<li><a role=\"link\" href=\"mailto:ckrusedelarosa@sonomavalleyhospital.org\">Contacte Informaci\u00f3n general<\/a><\/li>\n<\/ul>\n<p>[\/et_pb_text][\/et_pb_column][\/et_pb_row][\/et_pb_section]<\/p>\n","protected":false},"excerpt":{"rendered":"<p>Sonoma Valley Hospital se complace en proporcionarle la informaci\u00f3n que necesita acerca de los servicios, programas educativos y oportunidades de empleo del hospital. Esta informaci\u00f3n se actualiza regularmente. Puede contactarnos directamente por tel\u00e9fono o por correo electr\u00f3nico.\u00a0 Direcci\u00f3n:347 Andrieux St,Sonoma, CA 95476 Central telef\u00f3nica principal:\u00a0707.935.5000 Informaci\u00f3n acerca de servicios y programas del hospital: Correo principal:\u00a0administration@sonomavalleyhospital.orgInformaci\u00f3n [&hellip;]<\/p>\n","protected":false},"author":3,"featured_media":17615,"parent":17941,"menu_order":40,"comment_status":"open","ping_status":"closed","template":"","meta":{"_et_pb_use_builder":"on","_et_pb_old_content":"Sonoma Valley Hospital is happy to provide you with the information <span class=\"title\">you need <span class=\"footnote\">about hospital services<\/span>,<\/span> educational programs and employment opportunities. This information is updated regularly. You may contact us directly by phone or email.\r\n\r\n<strong>Address:<\/strong>\r\n347 Andrieux Street\r\nSonoma, CA 95476\r\n\r\n<strong>Main switchboard:<\/strong> 707.935.5000\r\n\r\n<strong>Information about hospital services and programs:<\/strong>\r\n\r\n<strong>Main Email:<\/strong>\u00a0<a href=\"mailto:administration@sonomavalleyhospital.org\">administration@sonomavalleyhospital.org<\/a>\r\n\r\n<strong>Information about insurance coverage:<\/strong> 707.935.5214\r\n\r\n<strong>PreRegistration\/Cost Estimates:<\/strong> 707.935.5350 or 707.935.5008\r\n\r\n<strong>Billing questions:<\/strong> 707.935.5325\r\n\r\n<strong>Assistance in finding a physician:<\/strong>\r\nBrowse <a title=\"Find a Doctor\" href=\"\/find-a-doctor\">Find a Doctor<\/a>\r\n\r\n<strong>Employment opportunities:<\/strong>\r\nCall 707.935.5177 or browse <a title=\"Careers\" href=\"\/careers\/\">Careers<\/a>\r\n<h3><strong>Reporting Patient Safety Concerns<\/strong><\/h3>\r\nSVH is accredited by The Center for Improvement for Healthcare Quality (CIHQ). CIHQ encourages anyone who has concerns about safety or quality of care, to bring those concerns first to the attention of the health care organization's leaders. Please share your concerns with the staff providing your care, the immediate person in charge or the Department Manager to ensure that your concerns are addressed and resolved.\r\n\r\nAnyone wishing to contact The\u00a0Center for Improvement for Healthcare Quality regarding quality concerns may do so online at\u00a0 <a href=\"http:\/\/cihq.org\/\" target=\"_blank\" rel=\"noopener noreferrer\">cihq.org<\/a> or by calling toll-free 1-866-324-5080.\r\n<h3><strong>Other Department Contacts:<\/strong><\/h3>\r\n<ul>\r\n \t<li><a href=\"mailto:quality@sonomavalleyhospital.org\" target=\"_blank\" rel=\"noopener noreferrer\">Contact SVH Quality Assurance<\/a><\/li>\r\n \t<li><a href=\"mailto:ckrusedelarosa@sonomavalleyhospital.org\" target=\"_blank\" rel=\"noopener noreferrer\">Contact SVH Administration<\/a><\/li>\r\n \t<li><a href=\"mailto:rpryszmant@sonomavalleyhospital.org\">Contact Medical Records<\/a><\/li>\r\n \t<li><a href=\"mailto:lstone@sonomavalleyhospital.org\">Contact Billing<\/a><\/li>\r\n \t<li><a href=\"mailto:dkuwahara@sonomavalleyhospital.org\">Contact Occupational Health<\/a><\/li>\r\n \t<li><a href=\"mailto:dkuwahara@sonomavalleyhospital.org\">Contact Travel Medicine<\/a><\/li>\r\n \t<li><a href=\"mailto:dkuwahara@sonomavalleyhospital.org\">Contact Cardiopulmonary Services<\/a><\/li>\r\n \t<li><a href=\"mailto:nhadjiyanni@sonomavalleyhospital.org\">Contact Laboratory Services<\/a><\/li>\r\n \t<li><a href=\"mailto:dkuwahara@sonomavalleyhospital.org\">Contact Medical Imaging<\/a><\/li>\r\n \t<li><a href=\"mailto:ckrusedelarosa@sonomavalleyhospital.org\">Contact General Information<\/a><\/li>\r\n<\/ul>","_et_gb_content_width":"","footnotes":""},"class_list":["post-18113","page","type-page","status-publish","has-post-thumbnail","hentry"],"_links":{"self":[{"href":"https:\/\/svh.bitsculptor.net\/es\/wp-json\/wp\/v2\/pages\/18113","targetHints":{"allow":["GET"]}}],"collection":[{"href":"https:\/\/svh.bitsculptor.net\/es\/wp-json\/wp\/v2\/pages"}],"about":[{"href":"https:\/\/svh.bitsculptor.net\/es\/wp-json\/wp\/v2\/types\/page"}],"author":[{"embeddable":true,"href":"https:\/\/svh.bitsculptor.net\/es\/wp-json\/wp\/v2\/users\/3"}],"replies":[{"embeddable":true,"href":"https:\/\/svh.bitsculptor.net\/es\/wp-json\/wp\/v2\/comments?post=18113"}],"version-history":[{"count":10,"href":"https:\/\/svh.bitsculptor.net\/es\/wp-json\/wp\/v2\/pages\/18113\/revisions"}],"predecessor-version":[{"id":20762,"href":"https:\/\/svh.bitsculptor.net\/es\/wp-json\/wp\/v2\/pages\/18113\/revisions\/20762"}],"up":[{"embeddable":true,"href":"https:\/\/svh.bitsculptor.net\/es\/wp-json\/wp\/v2\/pages\/17941"}],"wp:featuredmedia":[{"embeddable":true,"href":"https:\/\/svh.bitsculptor.net\/es\/wp-json\/wp\/v2\/media\/17615"}],"wp:attachment":[{"href":"https:\/\/svh.bitsculptor.net\/es\/wp-json\/wp\/v2\/media?parent=18113"}],"curies":[{"name":"wp","href":"https:\/\/api.w.org\/{rel}","templated":true}]}}