{"id":19219,"date":"2025-03-05T16:45:32","date_gmt":"2025-03-06T00:45:32","guid":{"rendered":"https:\/\/svh.bitsculptor.net\/pacientes-y-visitantes\/preparacion-para-su-visita\/"},"modified":"2025-03-05T16:54:33","modified_gmt":"2025-03-06T00:54:33","slug":"preparacion-para-su-visita","status":"publish","type":"page","link":"https:\/\/svh.bitsculptor.net\/es\/pacientes-y-visitantes\/preparacion-para-su-visita\/","title":{"rendered":"Preparaci\u00f3n Para su Visita"},"content":{"rendered":"<p>[et_pb_section fb_built=\u00bb1&#8243; admin_label=\u00bbsection\u00bb _builder_version=\u00bb4.16&#8243; global_colors_info=\u00bb{}\u00bb][et_pb_row admin_label=\u00bbfila\u00bb _builder_version=\u00bb4.16&#8243; background_size=\u00bbinitial\u00bb background_position=\u00bbtop_left\u00bb background_repeat=\u00bbrepeat\u00bb global_colors_info=\u00bb{}\u00bb][et_pb_column type=\u00bb4_4&#8243; _builder_version=\u00bb4.16&#8243; custom_padding=\u00bb|||\u00bb global_colors_info=\u00bb{}\u00bb custom_padding__hover=\u00bb|||\u00bb][et_pb_text _builder_version=\u00bb4.27.4&#8243; _module_preset=\u00bbdefault\u00bb global_colors_info=\u00bb{}\u00bb]<\/p>\n<p class=\"p1\">Preparar tu visita al Hospital Valle de Sonoma es sencillo con nuestros recursos para garantizar una experiencia sin complicaciones. Aseg\u00farate de rellenar el cuestionario preoperatorio y revisar la gu\u00eda del paciente, que proporciona detalles importantes sobre qu\u00e9 esperar durante tu estancia y c\u00f3mo planificar tus cuidados. <\/p>\n<p class=\"p1\">Para m\u00e1s informaci\u00f3n, visita uno de los enlaces siguientes:  <\/p>\n<p><a role=\"link\" href=\"https:\/\/www.onemedicalpassport.com\/lobby\/lobby.asp?fid=1171\" target=\"_blank\" rel=\"noopener\">Cuestionario preoperatorio<\/a><\/p>\n<p><a role=\"link\" href=\"http:\/\/www.mypatientpoint.com\/hospital\/CA_SonomaValley\" target=\"_blank\" rel=\"noopener\">Gu\u00eda del paciente<\/a><\/p>\n<p>[\/et_pb_text][\/et_pb_column][\/et_pb_row][\/et_pb_section]<\/p>\n","protected":false},"excerpt":{"rendered":"<p>Preparar tu visita al Hospital Valle de Sonoma es sencillo con nuestros recursos para garantizar una experiencia sin complicaciones. Aseg\u00farate de rellenar el cuestionario preoperatorio y revisar la gu\u00eda del paciente, que proporciona detalles importantes sobre qu\u00e9 esperar durante tu estancia y c\u00f3mo planificar tus cuidados. Para m\u00e1s informaci\u00f3n, visita uno de los enlaces siguientes: [&hellip;]<\/p>\n","protected":false},"author":1,"featured_media":17601,"parent":17922,"menu_order":0,"comment_status":"closed","ping_status":"closed","template":"","meta":{"_et_pb_use_builder":"on","_et_pb_old_content":"","_et_gb_content_width":"","footnotes":""},"class_list":["post-19219","page","type-page","status-publish","has-post-thumbnail","hentry"],"_links":{"self":[{"href":"https:\/\/svh.bitsculptor.net\/es\/wp-json\/wp\/v2\/pages\/19219","targetHints":{"allow":["GET"]}}],"collection":[{"href":"https:\/\/svh.bitsculptor.net\/es\/wp-json\/wp\/v2\/pages"}],"about":[{"href":"https:\/\/svh.bitsculptor.net\/es\/wp-json\/wp\/v2\/types\/page"}],"author":[{"embeddable":true,"href":"https:\/\/svh.bitsculptor.net\/es\/wp-json\/wp\/v2\/users\/1"}],"replies":[{"embeddable":true,"href":"https:\/\/svh.bitsculptor.net\/es\/wp-json\/wp\/v2\/comments?post=19219"}],"version-history":[{"count":2,"href":"https:\/\/svh.bitsculptor.net\/es\/wp-json\/wp\/v2\/pages\/19219\/revisions"}],"predecessor-version":[{"id":19221,"href":"https:\/\/svh.bitsculptor.net\/es\/wp-json\/wp\/v2\/pages\/19219\/revisions\/19221"}],"up":[{"embeddable":true,"href":"https:\/\/svh.bitsculptor.net\/es\/wp-json\/wp\/v2\/pages\/17922"}],"wp:featuredmedia":[{"embeddable":true,"href":"https:\/\/svh.bitsculptor.net\/es\/wp-json\/wp\/v2\/media\/17601"}],"wp:attachment":[{"href":"https:\/\/svh.bitsculptor.net\/es\/wp-json\/wp\/v2\/media?parent=19219"}],"curies":[{"name":"wp","href":"https:\/\/api.w.org\/{rel}","templated":true}]}}