{"id":19709,"date":"2024-07-31T11:49:35","date_gmt":"2024-07-31T18:49:35","guid":{"rendered":"https:\/\/svh.bitsculptor.net\/sobre-nosotros\/informacion-y-recursos\/verificacion-de-afiliacion\/"},"modified":"2024-07-31T11:49:35","modified_gmt":"2024-07-31T18:49:35","slug":"verificacion-de-afiliacion","status":"publish","type":"page","link":"https:\/\/svh.bitsculptor.net\/es\/sobre-nosotros\/informacion-y-recursos\/verificacion-de-afiliacion\/","title":{"rendered":"Verificaci\u00f3n de Afiliaci\u00f3n"},"content":{"rendered":"<p>El Hospital Valle de Sonoma se ha asociado con Verge Health para ofrecer un servicio online de verificaci\u00f3n de afiliaci\u00f3n. Este servicio proporciona una verificaci\u00f3n instant\u00e1nea y en l\u00ednea de la afiliaci\u00f3n de un profesional al Hospital Valle de Sonoma. El enlace al servicio de verificaci\u00f3n de credenciales es:  <\/p>\n<p><a href=\"https:\/\/vc1.verge-solutions.com\/vadmin\/outside\/SVH\">https:\/\/vc1.verge-solutions.com\/vadmin\/outside\/SVH<\/a><\/p>\n<p>Te informamos de que la pol\u00edtica del Hospital Valle de Sonoma es no revelar a otras instituciones sanitarias ni a otros profesionales ninguna medida disciplinaria, investigaci\u00f3n o acci\u00f3n similar relativa a los profesionales afiliados al Hospital Valle de Sonoma. El Hospital Valle de Sonoma participa en el Banco Nacional de Datos de Practicantes establecido por la Ley de Mejora de la Calidad de la Asistencia Sanitaria de 1986 y presenta informes sobre los miembros del personal con credenciales, tal como exigen la ley y los reglamentos que rigen el banco de datos. <\/p>\n<p>Los proveedores de Telemedicina NO estar\u00e1n en el portal online. Ponte en contacto con el personal m\u00e9dico para informarte sobre los proveedores de Telemedicina. <\/p>\n<p>Ponte en contacto con Verge Health Credentialing en el (843) 628-4148 Opci\u00f3n 1, o con la Oficina del Personal M\u00e9dico de Sonoma Valley Hospital en el (707) 935-5004 o avossen@sonomavalleyhospital.org si tienes m\u00e1s preguntas.<\/p>\n","protected":false},"excerpt":{"rendered":"<p>El Hospital Valle de Sonoma se ha asociado con Verge Health para ofrecer un servicio online de verificaci\u00f3n de afiliaci\u00f3n. Este servicio proporciona una verificaci\u00f3n instant\u00e1nea y en l\u00ednea de la afiliaci\u00f3n de un profesional al Hospital Valle de Sonoma. El enlace al servicio de verificaci\u00f3n de credenciales es: https:\/\/vc1.verge-solutions.com\/vadmin\/outside\/SVH Te informamos de que la [&hellip;]<\/p>\n","protected":false},"author":1,"featured_media":17615,"parent":17941,"menu_order":100,"comment_status":"closed","ping_status":"closed","template":"","meta":{"_et_pb_use_builder":"","_et_pb_old_content":"","_et_gb_content_width":"","footnotes":""},"class_list":["post-19709","page","type-page","status-publish","has-post-thumbnail","hentry"],"_links":{"self":[{"href":"https:\/\/svh.bitsculptor.net\/es\/wp-json\/wp\/v2\/pages\/19709","targetHints":{"allow":["GET"]}}],"collection":[{"href":"https:\/\/svh.bitsculptor.net\/es\/wp-json\/wp\/v2\/pages"}],"about":[{"href":"https:\/\/svh.bitsculptor.net\/es\/wp-json\/wp\/v2\/types\/page"}],"author":[{"embeddable":true,"href":"https:\/\/svh.bitsculptor.net\/es\/wp-json\/wp\/v2\/users\/1"}],"replies":[{"embeddable":true,"href":"https:\/\/svh.bitsculptor.net\/es\/wp-json\/wp\/v2\/comments?post=19709"}],"version-history":[{"count":0,"href":"https:\/\/svh.bitsculptor.net\/es\/wp-json\/wp\/v2\/pages\/19709\/revisions"}],"up":[{"embeddable":true,"href":"https:\/\/svh.bitsculptor.net\/es\/wp-json\/wp\/v2\/pages\/17941"}],"wp:featuredmedia":[{"embeddable":true,"href":"https:\/\/svh.bitsculptor.net\/es\/wp-json\/wp\/v2\/media\/17615"}],"wp:attachment":[{"href":"https:\/\/svh.bitsculptor.net\/es\/wp-json\/wp\/v2\/media?parent=19709"}],"curies":[{"name":"wp","href":"https:\/\/api.w.org\/{rel}","templated":true}]}}