{"id":19711,"date":"2024-07-31T10:19:23","date_gmt":"2024-07-31T17:19:23","guid":{"rendered":"https:\/\/svh.bitsculptor.net\/sobre-nosotros\/informacion-y-recursos\/precalificacion-de-proveedores-de-la-construccion-lista-de-licitacion-informal\/"},"modified":"2025-12-15T16:20:51","modified_gmt":"2025-12-16T00:20:51","slug":"precalificacion-de-proveedores-de-la-construccion-lista-de-licitacion-informal","status":"publish","type":"page","link":"https:\/\/svh.bitsculptor.net\/es\/sobre-nosotros\/informacion-y-recursos\/precalificacion-de-proveedores-de-la-construccion-lista-de-licitacion-informal\/","title":{"rendered":"Precalificaci\u00f3n de Proveedores de la Construcci\u00f3n\/Lista de Licitaci\u00f3n Informal"},"content":{"rendered":"\r\n<p class=\"has-text-align-center\" style=\"text-align: center;\"><strong>Proyectos de instalaciones &#8211; Lista de licitaci\u00f3n informal<\/strong><\/p>\r\n<p class=\"has-text-align-center\" style=\"text-align: center;\"><strong>El Distrito Sanitario del Valle de Sonoma es una Agencia Participante en la Ley Uniforme de Contabilidad de Costes de Construcci\u00f3n de California (CUPCCAA).<\/strong><\/p>\r\n<p class=\"has-text-align-center\" style=\"text-align: center;\"><strong>Esta solicitud debe cumplimentarse en l\u00ednea y los Contratistas deben cumplir las normas m\u00ednimas que se indican a continuaci\u00f3n.<\/strong><\/p>\r\n<p><strong>Aviso Invitando a Contratistas Interesados para la<\/strong> Lista de Licitaci\u00f3n <strong>Informal<\/strong><br \/>De acuerdo con la Comisi\u00f3n de Contabilidad de Costes de Construcci\u00f3n P\u00fablica Uniforme del Estado de California, el Distrito Sanitario del Valle de Sonoma (\u201cDistrito\u201d) invita a todos los contratistas autorizados interesados a presentar su empresa para su inclusi\u00f3n en la Lista de Contratistas de Licitaci\u00f3n Informal del Distrito para el a\u00f1o natural en curso.<\/p>\r\n<p><strong>Las empresas deben volver a presentar una solicitud cada a\u00f1o natural para ser incluidas en la lista de ofertas informales del a\u00f1o en curso, incluso si tu empresa ha presentado una solicitud<\/strong> <strong>en a\u00f1os anteriores<\/strong>.<\/p>\r\n<p>Seg\u00fan el C\u00f3digo de Contratos P\u00fablicos de California 22032, todo Proyecto de Obras P\u00fablicas cuya estimaci\u00f3n sea inferior a 200.000 $ est\u00e1 sujeto a los Procedimientos Informales de Licitaci\u00f3n establecidos por la Comisi\u00f3n de Contabilidad Uniforme de Costes de Construcci\u00f3n del Estado de California. Todas las categor\u00edas comerciales est\u00e1n sujetas a los Procedimientos Informales de Licitaci\u00f3n.<\/p>\r\n<p><strong>Normas m\u00ednimas: Los contratistas que est\u00e9n interesados en figurar en la Lista de Contratistas de Licitaciones Informales deben tener una licencia en vigor y est\u00e1n sujetos a verificaci\u00f3n a trav\u00e9s de la Junta Estatal de Licencias de Contratistas y tener un m\u00ednimo de 5 a\u00f1os de experiencia o haber completado 5 proyectos en un entorno de Hospital General de Agudos. <br \/><\/strong><\/p>\r\n<p>Adem\u00e1s, de conformidad con el SB 854, ning\u00fan contratista o subcontratista podr\u00e1 figurar en una oferta para un proyecto de obras p\u00fablicas (presentada a partir del 1 de marzo de 2015) a menos que est\u00e9 registrado en el Departamento de Relaciones Laborales (DIR) y ning\u00fan contratista o subcontratista podr\u00e1 obtener un contrato para un proyecto de obras p\u00fablicas (adjudicado a partir del 1 de abril de 2015) a menos que est\u00e9 registrado en el DIR, seg\u00fan el art\u00edculo 1725.5 del C\u00f3digo Laboral de California.<\/p>\r\n<p><a href=\"http:\/\/www.dir.ca.gov\/Public-Works\/PublicWorks.html\" target=\"_blank\" rel=\"noopener\">http:\/\/www.dir.ca.gov\/Public-Works\/PublicWorks.html<\/a><br \/>Si t\u00fa o tu empresa quer\u00e9is que se os incluya en la Lista de Contratistas de Licitaciones Informales del Distrito, rellenad el cuestionario de precalificaci\u00f3n para licitaciones informales del Distrito haciendo clic en el enlace Solicitud en l\u00ednea de precalificaci\u00f3n para licitaciones informales que aparece a continuaci\u00f3n.<\/p>\r\n<p><strong>Si necesitas informaci\u00f3n adicional, puedes dirigir tus preguntas por correo electr\u00f3nico a <\/strong><a href=\"mailto:publicbidding@sonomavalleyhospital.org\" target=\"_blank\" rel=\"noreferrer noopener\">publicbidding@sonomavalleyhospital.org<\/a><strong>.<\/strong><\/p>\r\n<p><strong>Referencias:<\/strong><\/p>\r\n<ul class=\"wp-block-list\">\r\n<li>CA Uniform Construction Cost Accounting Commission:\u00a0<a href=\"http:\/\/www.sco.ca.gov\/ard_cuccac.html\" target=\"_blank\" rel=\"noopener noreferrer\">http:\/\/www.sco.ca.gov\/ard_cuccac.html<\/a><\/li>\r\n<li>Cost Accounting Policies and Procedures Manual of the CUPCCA Commission:\u00a0<a href=\"http:\/\/www.sco.ca.gov\/Files-ARD-Local\/cuccac_cuccac_man.pdf\" target=\"_blank\" rel=\"noopener noreferrer\">http:\/\/www.sco.ca.gov\/Files-ARD-Local\/cuccac_cuccac_man.pdf<\/a><\/li>\r\n<li>Department of Industrial Relations (DIR) Public Works Contractor Registration Information:\u00a0<a href=\"http:\/\/www.dir.ca.gov\/Public-Works\/PublicWorks.html\" target=\"_blank\" rel=\"noopener noreferrer\">http:\/\/www.dir.ca.gov\/Public-Works\/PublicWorks.html<\/a><\/li>\r\n<\/ul>\r\n<ul>\r\n<li style=\"list-style-type: none;\">\u00a0<\/li>\r\n<\/ul>\r\n\r\n<p><!-- \/wp:post-content --><\/p>","protected":false},"excerpt":{"rendered":"<p>Proyectos de instalaciones &#8211; Lista de licitaci\u00f3n informal El Distrito Sanitario del Valle de Sonoma es una Agencia Participante en la Ley Uniforme de Contabilidad de Costes de Construcci\u00f3n de California (CUPCCAA). Esta solicitud debe cumplimentarse en l\u00ednea y los Contratistas deben cumplir las normas m\u00ednimas que se indican a continuaci\u00f3n. Aviso Invitando a Contratistas [&hellip;]<\/p>\n","protected":false},"author":1,"featured_media":17615,"parent":17941,"menu_order":100,"comment_status":"closed","ping_status":"closed","template":"","meta":{"_et_pb_use_builder":"","_et_pb_old_content":"","_et_gb_content_width":"","footnotes":""},"class_list":["post-19711","page","type-page","status-publish","has-post-thumbnail","hentry"],"_links":{"self":[{"href":"https:\/\/svh.bitsculptor.net\/es\/wp-json\/wp\/v2\/pages\/19711","targetHints":{"allow":["GET"]}}],"collection":[{"href":"https:\/\/svh.bitsculptor.net\/es\/wp-json\/wp\/v2\/pages"}],"about":[{"href":"https:\/\/svh.bitsculptor.net\/es\/wp-json\/wp\/v2\/types\/page"}],"author":[{"embeddable":true,"href":"https:\/\/svh.bitsculptor.net\/es\/wp-json\/wp\/v2\/users\/1"}],"replies":[{"embeddable":true,"href":"https:\/\/svh.bitsculptor.net\/es\/wp-json\/wp\/v2\/comments?post=19711"}],"version-history":[{"count":2,"href":"https:\/\/svh.bitsculptor.net\/es\/wp-json\/wp\/v2\/pages\/19711\/revisions"}],"predecessor-version":[{"id":20790,"href":"https:\/\/svh.bitsculptor.net\/es\/wp-json\/wp\/v2\/pages\/19711\/revisions\/20790"}],"up":[{"embeddable":true,"href":"https:\/\/svh.bitsculptor.net\/es\/wp-json\/wp\/v2\/pages\/17941"}],"wp:featuredmedia":[{"embeddable":true,"href":"https:\/\/svh.bitsculptor.net\/es\/wp-json\/wp\/v2\/media\/17615"}],"wp:attachment":[{"href":"https:\/\/svh.bitsculptor.net\/es\/wp-json\/wp\/v2\/media?parent=19711"}],"curies":[{"name":"wp","href":"https:\/\/api.w.org\/{rel}","templated":true}]}}