{"id":19875,"date":"2022-09-01T13:33:37","date_gmt":"2022-09-01T20:33:37","guid":{"rendered":"https:\/\/svh.bitsculptor.net\/pacientes-y-visitantes\/mychart-e-historiales-medicos\/mychart-es\/"},"modified":"2025-12-09T14:34:09","modified_gmt":"2025-12-09T22:34:09","slug":"mychart-es","status":"publish","type":"page","link":"https:\/\/svh.bitsculptor.net\/es\/pacientes-y-visitantes\/mychart-e-historiales-medicos\/mychart-es\/","title":{"rendered":"MyChart"},"content":{"rendered":"<p>[et_pb_section fb_built=\u00bb1&#8243; _builder_version=\u00bb4.18.0&#8243; _module_preset=\u00bbdefault\u00bb global_colors_info=\u00bb{}\u00bb][et_pb_row _builder_version=\u00bb4.18.0&#8243; _module_preset=\u00bbdefault\u00bb global_colors_info=\u00bb{}\u00bb][et_pb_column type=\u00bb4_4&#8243; _builder_version=\u00bb4.18.0&#8243; _module_preset=\u00bbdefault\u00bb global_colors_info=\u00bb{}\u00bb][et_pb_text _builder_version=\u00bb4.27.4&#8243; _module_preset=\u00bbdefault\u00bb hover_enabled=\u00bb0&#8243; global_colors_info=\u00bb{}\u00bb sticky_enabled=\u00bb0&#8243;]<\/p>\n<p>MyChart es un portal virtual seguro que le permite acceder a su historial m\u00e9dico electr\u00f3nico de SVH y enviar mensajes a su m\u00e9dico directamente sin tener que ir al hospital o llamar por tel\u00e9fono.<\/p>\n<p>Los pacientes que han dado su autorizaci\u00f3n para recibir notificaciones por correo o texto, recibir\u00e1n c\u00f3digos de activaci\u00f3n a partir del 3 de diciembre de 2022. Los pacientes se podr\u00e1n inscribir a partir del 3 de diciembre.\u00a0 Los pacientes que ya est\u00e1n usando MyChart podr\u00e1n vincular el MyChart de SVH con su cuenta.<strong>\u00a0<\/strong><\/p>\n<p><strong>A partir del 3 de diciembre<\/strong>, los pacientes con preguntas acerca de MyChart pueden llamar al Equipo de Participaci\u00f3n del Paciente al\u00a0<u>1-833-395-2035<\/u> lunes a viernes: 7:00 a. m \u2013 7:00 p. m y s\u00e1bado a domingo de 9:00 a. m a 5:00 p. m. Hay servicios de interpretaci\u00f3n.<\/p>\n<p><a href=\"https:\/\/orca.myonlinechart.org\/affiliate\/Authentication\/Login\" target=\"_blank\" rel=\"noopener\"><u>Iniciar sesi\u00f3n de MyChart<\/u><\/a><\/p>\n<p>El Sonoma Valley Hospital se complace en informarle que estamos en proceso de actualizar toda nuestra plataforma de historiales m\u00e9dicos digitales virtuales a MyChart. MyChart es el sistema m\u00e1s integrado y compartido del mundo y garantiza que los proveedores y pacientes tengan acceso a la misma informaci\u00f3n.<\/p>\n<p>MyChart ofrece muchas ventajas: la m\u00e1s importante es que, a partir del 3 de diciembre, sus registros de tratamiento m\u00e9dico se ubican en un solo lugar para nuestros m\u00e9dicos y otros profesionales m\u00e9dicos que le brindan atenci\u00f3n.<\/p>\n<p>Su informaci\u00f3n m\u00e9dica de SVH permanecer\u00e1 confidencial, se simplificar\u00e1 la facturaci\u00f3n, los resultados de laboratorio e im\u00e1genes m\u00e9dicas ser\u00e1n f\u00e1ciles de acceder y estar\u00e1n disponibles 24\/7.<\/p>\n<p>Los pacientes podr\u00e1n acceder a su informaci\u00f3n m\u00e9dica, como res\u00famenes de visitas recientes y resultados de ex\u00e1menes, de d\u00eda o de noche.<\/p>\n<p>La informaci\u00f3n de su familia tambi\u00e9n est\u00e1 accesible.<\/p>\n<p>[\/et_pb_text][et_pb_text _builder_version=\u00bb4.27.4&#8243; _module_preset=\u00bbdefault\u00bb hover_enabled=\u00bb0&#8243; global_colors_info=\u00bb{}\u00bb sticky_enabled=\u00bb0&#8243;]<\/p>\n<h2><strong>Gestione su salud en l\u00ednea con MyChart<\/strong><\/h2>\n<p>[\/et_pb_text][et_pb_accordion _builder_version=\u00bb4.27.4&#8243; _module_preset=\u00bbdefault\u00bb global_colors_info=\u00bb{}\u00bb][et_pb_accordion_item title=\u00bbAcceda a los resultados de sus ex\u00e1menes\u00bb open=\u00bbon\u00bb _builder_version=\u00bb4.27.4&#8243; _module_preset=\u00bbdefault\u00bb hover_enabled=\u00bb0&#8243; global_colors_info=\u00bb{}\u00bb sticky_enabled=\u00bb0&#8243;]<\/p>\n<p>Ya no tendr\u00e1 que esperar una llamada telef\u00f3nica o una carta: consulte sus resultados y los comentarios de su m\u00e9dico en cuesti\u00f3n de d\u00edas<\/p>\n<p>[\/et_pb_accordion_item][et_pb_accordion_item title=\u00bbPague en l\u00ednea\u00bb _builder_version=\u00bb4.27.4&#8243; _module_preset=\u00bbdefault\u00bb hover_enabled=\u00bb0&#8243; global_colors_info=\u00bb{}\u00bb open=\u00bboff\u00bb sticky_enabled=\u00bb0&#8243;]<\/p>\n<p>Consulta y paga tus facturas del hospital y la cl\u00ednica usando <a href=\"https:\/\/orca.myonlinechart.org\/affiliate\/Authentication\/Login\" target=\"_blank\" rel=\"noopener\">MyChart<\/a><\/p>\n<p>[\/et_pb_accordion_item][\/et_pb_accordion][\/et_pb_column][\/et_pb_row][\/et_pb_section]<\/p>\n","protected":false},"excerpt":{"rendered":"<p>MyChart es un portal virtual seguro que le permite acceder a su historial m\u00e9dico electr\u00f3nico de SVH y enviar mensajes a su m\u00e9dico directamente sin tener que ir al hospital o llamar por tel\u00e9fono. Los pacientes que han dado su autorizaci\u00f3n para recibir notificaciones por correo o texto, recibir\u00e1n c\u00f3digos de activaci\u00f3n a partir del [&hellip;]<\/p>\n","protected":false},"author":4,"featured_media":17607,"parent":18040,"menu_order":0,"comment_status":"closed","ping_status":"closed","template":"","meta":{"_et_pb_use_builder":"on","_et_pb_old_content":"","_et_gb_content_width":"","footnotes":""},"class_list":["post-19875","page","type-page","status-publish","has-post-thumbnail","hentry"],"_links":{"self":[{"href":"https:\/\/svh.bitsculptor.net\/es\/wp-json\/wp\/v2\/pages\/19875","targetHints":{"allow":["GET"]}}],"collection":[{"href":"https:\/\/svh.bitsculptor.net\/es\/wp-json\/wp\/v2\/pages"}],"about":[{"href":"https:\/\/svh.bitsculptor.net\/es\/wp-json\/wp\/v2\/types\/page"}],"author":[{"embeddable":true,"href":"https:\/\/svh.bitsculptor.net\/es\/wp-json\/wp\/v2\/users\/4"}],"replies":[{"embeddable":true,"href":"https:\/\/svh.bitsculptor.net\/es\/wp-json\/wp\/v2\/comments?post=19875"}],"version-history":[{"count":6,"href":"https:\/\/svh.bitsculptor.net\/es\/wp-json\/wp\/v2\/pages\/19875\/revisions"}],"predecessor-version":[{"id":20767,"href":"https:\/\/svh.bitsculptor.net\/es\/wp-json\/wp\/v2\/pages\/19875\/revisions\/20767"}],"up":[{"embeddable":true,"href":"https:\/\/svh.bitsculptor.net\/es\/wp-json\/wp\/v2\/pages\/18040"}],"wp:featuredmedia":[{"embeddable":true,"href":"https:\/\/svh.bitsculptor.net\/es\/wp-json\/wp\/v2\/media\/17607"}],"wp:attachment":[{"href":"https:\/\/svh.bitsculptor.net\/es\/wp-json\/wp\/v2\/media?parent=19875"}],"curies":[{"name":"wp","href":"https:\/\/api.w.org\/{rel}","templated":true}]}}