{"id":21850,"date":"2023-10-17T12:58:08","date_gmt":"2023-10-17T19:58:08","guid":{"rendered":"https:\/\/svh.bitsculptor.net\/buscar-asistencia\/"},"modified":"2026-03-04T09:45:54","modified_gmt":"2026-03-04T17:45:54","slug":"buscar-asistencia","status":"publish","type":"page","link":"https:\/\/svh.bitsculptor.net\/es\/buscar-asistencia\/","title":{"rendered":"Buscar Asistencia"},"content":{"rendered":"<p>[et_pb_section fb_built=\u00bb1&#8243; _builder_version=\u00bb4.23.4&#8243; _module_preset=\u00bbdefault\u00bb global_colors_info=\u00bb{}\u00bb][et_pb_row column_structure=\u00bb3_5,2_5&#8243; _builder_version=\u00bb4.23.4&#8243; _module_preset=\u00bbdefault\u00bb global_colors_info=\u00bb{}\u00bb][et_pb_column type=\u00bb3_5&#8243; _builder_version=\u00bb4.23.4&#8243; _module_preset=\u00bbdefault\u00bb global_colors_info=\u00bb{}\u00bb][et_pb_text _builder_version=\u00bb4.27.5&#8243; _module_preset=\u00bbdefault\u00bb hover_enabled=\u00bb0&#8243; global_colors_info=\u00bb{}\u00bb sticky_enabled=\u00bb0&#8243;]<\/p>\n<h2>Descripci\u00f3n General<\/h2>\n<p>El Hospital del Valle de Sonoma es un hospital de distrito de cuidados agudos con todos los servicios que proporciona una atenci\u00f3n experta y compasiva a los residentes del Valle de Sonoma. El hospital cuenta con un equipo de m\u00e9dicos altamente cualificados y experimentados que ofrecen una amplia gama de servicios, como cardiolog\u00eda, cirug\u00eda, ortopedia, urolog\u00eda y mucho m\u00e1s. Los m\u00e9dicos del Hospital Valle de Sonoma est\u00e1n afiliados a UCSF Health, uno de los centros m\u00e9dicos acad\u00e9micos mejor clasificados del pa\u00eds, y colaboran estrechamente con el personal del hospital y la comunidad para ofrecer la mejor atenci\u00f3n posible a sus pacientes.<\/p>\n<p>[\/et_pb_text][\/et_pb_column][et_pb_column type=\u00bb2_5&#8243; _builder_version=\u00bb4.23.4&#8243; _module_preset=\u00bbdefault\u00bb background_color=\u00bb#D7E2E7&#8243; custom_padding=\u00bb20px|20px|20px|20px|false|false\u00bb border_radii=\u00bbon|7px|7px|7px|7px\u00bb global_colors_info=\u00bb{}\u00bb][et_pb_text _builder_version=\u00bb4.27.5&#8243; _module_preset=\u00bbdefault\u00bb global_colors_info=\u00bb{}\u00bb]<strong>Enlaces \u00fatiles<\/strong><\/p>\n<p><a href=\"https:\/\/svh.bitsculptor.net\/es\/sobre-nosotros\/informacion-y-recursos\/contactenos\/\">Cont\u00e1ctenos<\/a><\/p>\n<p><a href=\"https:\/\/svh.bitsculptor.net\/es\/sobre-nosotros\/informacion-y-recursos\/preguntas-frecuentes\/\">Preguntas Frecuentes<\/a><\/p>\n<p><a href=\"https:\/\/svh.bitsculptor.net\/es\/pacientes-y-visitantes\/mychart-e-historiales-medicos\/mychart-es\/\">MyChart<\/a>[\/et_pb_text][\/et_pb_column][\/et_pb_row][et_pb_row _builder_version=\u00bb4.27.5&#8243; _module_preset=\u00bbdefault\u00bb global_colors_info=\u00bb{}\u00bb][et_pb_column type=\u00bb4_4&#8243; _builder_version=\u00bb4.27.5&#8243; _module_preset=\u00bbdefault\u00bb global_colors_info=\u00bb{}\u00bb][toolset_divi_view toolset_view=\u00bbfeatured-providers\u00bb _builder_version=\u00bb4.27.5&#8243; _module_preset=\u00bbdefault\u00bb global_colors_info=\u00bb{}\u00bb][\/toolset_divi_view][\/et_pb_column][\/et_pb_row][et_pb_row _builder_version=\u00bb4.27.5&#8243; _module_preset=\u00bbdefault\u00bb global_colors_info=\u00bb{}\u00bb][et_pb_column type=\u00bb4_4&#8243; _builder_version=\u00bb4.27.5&#8243; _module_preset=\u00bbdefault\u00bb global_colors_info=\u00bb{}\u00bb][toolset_divi_view toolset_view=\u00bbfind-a-practice-print-practice-service-with-address\u00bb _builder_version=\u00bb4.27.5&#8243; _module_preset=\u00bbdefault\u00bb global_colors_info=\u00bb{}\u00bb][\/toolset_divi_view][\/et_pb_column][\/et_pb_row][et_pb_row _builder_version=\u00bb4.22.2&#8243; _module_preset=\u00bbdefault\u00bb global_colors_info=\u00bb{}\u00bb][et_pb_column type=\u00bb4_4&#8243; _builder_version=\u00bb4.22.2&#8243; _module_preset=\u00bbdefault\u00bb global_colors_info=\u00bb{}\u00bb][et_pb_text _builder_version=\u00bb4.27.4&#8243; _module_preset=\u00bbdefault\u00bb custom_margin=\u00bb||0px||false|false\u00bb global_colors_info=\u00bb{}\u00bb]<\/p>\n<h2>Buscar Asistencia<\/h2>\n<p>[\/et_pb_text][toolset_divi_view toolset_view=\u00bbfind-a-doctor\u00bb _builder_version=\u00bb4.23.1&#8243; _module_preset=\u00bbdefault\u00bb global_colors_info=\u00bb{}\u00bb][\/toolset_divi_view][\/et_pb_column][\/et_pb_row][\/et_pb_section]<\/p>\n","protected":false},"excerpt":{"rendered":"<p>Descripci\u00f3n General El Hospital del Valle de Sonoma es un hospital de distrito de cuidados agudos con todos los servicios que proporciona una atenci\u00f3n experta y compasiva a los residentes del Valle de Sonoma. El hospital cuenta con un equipo de m\u00e9dicos altamente cualificados y experimentados que ofrecen una amplia gama de servicios, como cardiolog\u00eda, [&hellip;]<\/p>\n","protected":false},"author":1,"featured_media":17657,"parent":0,"menu_order":0,"comment_status":"closed","ping_status":"closed","template":"","meta":{"_et_pb_use_builder":"on","_et_pb_old_content":"","_et_gb_content_width":"","footnotes":""},"class_list":["post-21850","page","type-page","status-publish","has-post-thumbnail","hentry"],"_links":{"self":[{"href":"https:\/\/svh.bitsculptor.net\/es\/wp-json\/wp\/v2\/pages\/21850","targetHints":{"allow":["GET"]}}],"collection":[{"href":"https:\/\/svh.bitsculptor.net\/es\/wp-json\/wp\/v2\/pages"}],"about":[{"href":"https:\/\/svh.bitsculptor.net\/es\/wp-json\/wp\/v2\/types\/page"}],"author":[{"embeddable":true,"href":"https:\/\/svh.bitsculptor.net\/es\/wp-json\/wp\/v2\/users\/1"}],"replies":[{"embeddable":true,"href":"https:\/\/svh.bitsculptor.net\/es\/wp-json\/wp\/v2\/comments?post=21850"}],"version-history":[{"count":9,"href":"https:\/\/svh.bitsculptor.net\/es\/wp-json\/wp\/v2\/pages\/21850\/revisions"}],"predecessor-version":[{"id":22072,"href":"https:\/\/svh.bitsculptor.net\/es\/wp-json\/wp\/v2\/pages\/21850\/revisions\/22072"}],"wp:featuredmedia":[{"embeddable":true,"href":"https:\/\/svh.bitsculptor.net\/es\/wp-json\/wp\/v2\/media\/17657"}],"wp:attachment":[{"href":"https:\/\/svh.bitsculptor.net\/es\/wp-json\/wp\/v2\/media?parent=21850"}],"curies":[{"name":"wp","href":"https:\/\/api.w.org\/{rel}","templated":true}]}}