{"id":22197,"date":"2026-03-16T16:14:20","date_gmt":"2026-03-16T23:14:20","guid":{"rendered":"https:\/\/svh.bitsculptor.net\/?page_id=22197"},"modified":"2026-03-16T16:31:50","modified_gmt":"2026-03-16T23:31:50","slug":"terminos-y-condiciones","status":"publish","type":"page","link":"https:\/\/svh.bitsculptor.net\/es\/sobre-nosotros\/terminos-y-condiciones\/","title":{"rendered":"T\u00e9rminos y Condiciones"},"content":{"rendered":"<h4><strong>T\u00e9rminos y Condiciones de SMS<\/strong><\/h4>\n<p>Al optar por recibir mensajes SMS a trav\u00e9s de un formulario web u otro medio, usted acepta recibir mensajes de texto de Sonoma Valley Hospital. Esto incluye mensajes SMS con anuncios de servicio p\u00fablico, alertas de seguridad y confirmaciones de citas. La frecuencia de los mensajes var\u00eda. Pueden aplicarse tarifas de mensajes y datos. Consulte la pol\u00edtica de privacidad en <a href=\"https:\/\/sonomavalleyhospital.org\/es\/sobre-nosotros\/politica-de-privacidad\">https:\/\/sonomavalleyhospital.org\/es\/sobre-nosotros\/politica-de-privacidad<\/a>. Env\u00ede HELP para obtener ayuda. Responda STOP a cualquier mensaje para cancelar la suscripci\u00f3n.<\/p>\n","protected":false},"excerpt":{"rendered":"<p>T\u00e9rminos y Condiciones de SMS Al optar por recibir mensajes SMS a trav\u00e9s de un formulario web u otro medio, usted acepta recibir mensajes de texto de Sonoma Valley Hospital. Esto incluye mensajes SMS con anuncios de servicio p\u00fablico, alertas de seguridad y confirmaciones de citas. La frecuencia de los mensajes var\u00eda. Pueden aplicarse tarifas [&hellip;]<\/p>\n","protected":false},"author":1,"featured_media":0,"parent":17027,"menu_order":0,"comment_status":"closed","ping_status":"closed","template":"","meta":{"_et_pb_use_builder":"","_et_pb_old_content":"","_et_gb_content_width":"","footnotes":""},"class_list":["post-22197","page","type-page","status-publish","hentry"],"_links":{"self":[{"href":"https:\/\/svh.bitsculptor.net\/es\/wp-json\/wp\/v2\/pages\/22197","targetHints":{"allow":["GET"]}}],"collection":[{"href":"https:\/\/svh.bitsculptor.net\/es\/wp-json\/wp\/v2\/pages"}],"about":[{"href":"https:\/\/svh.bitsculptor.net\/es\/wp-json\/wp\/v2\/types\/page"}],"author":[{"embeddable":true,"href":"https:\/\/svh.bitsculptor.net\/es\/wp-json\/wp\/v2\/users\/1"}],"replies":[{"embeddable":true,"href":"https:\/\/svh.bitsculptor.net\/es\/wp-json\/wp\/v2\/comments?post=22197"}],"version-history":[{"count":2,"href":"https:\/\/svh.bitsculptor.net\/es\/wp-json\/wp\/v2\/pages\/22197\/revisions"}],"predecessor-version":[{"id":22202,"href":"https:\/\/svh.bitsculptor.net\/es\/wp-json\/wp\/v2\/pages\/22197\/revisions\/22202"}],"up":[{"embeddable":true,"href":"https:\/\/svh.bitsculptor.net\/es\/wp-json\/wp\/v2\/pages\/17027"}],"wp:attachment":[{"href":"https:\/\/svh.bitsculptor.net\/es\/wp-json\/wp\/v2\/media?parent=22197"}],"curies":[{"name":"wp","href":"https:\/\/api.w.org\/{rel}","templated":true}]}}