{"id":22588,"date":"2011-10-27T18:55:46","date_gmt":"2011-10-28T01:55:46","guid":{"rendered":"https:\/\/svh.bitsculptor.net\/?page_id=22588"},"modified":"2026-04-01T15:47:04","modified_gmt":"2026-04-01T22:47:04","slug":"foundation","status":"publish","type":"page","link":"https:\/\/svh.bitsculptor.net\/es\/foundation\/","title":{"rendered":"Sonoma Valley Hospital Foundation"},"content":{"rendered":"<p>[et_pb_section fb_built=\u00bb1&#8243; admin_label=\u00bbsection\u00bb _builder_version=\u00bb4.16&#8243; locked=\u00bboff\u00bb global_colors_info=\u00bb{}\u00bb][et_pb_row column_structure=\u00bb2_3,1_3&#8243; admin_label=\u00bbfila\u00bb _builder_version=\u00bb4.27.5&#8243; background_size=\u00bbinitial\u00bb background_position=\u00bbtop_left\u00bb background_repeat=\u00bbrepeat\u00bb custom_css_main_element=\u00bbdisplay: flex;||flex-wrap: wrap;\u00bb global_colors_info=\u00bb{}\u00bb][et_pb_column type=\u00bb2_3&#8243; _builder_version=\u00bb4.27.5&#8243; custom_padding=\u00bb|||\u00bb global_colors_info=\u00bb{}\u00bb custom_padding__hover=\u00bb|||\u00bb custom_css_main_element_last_edited=\u00bbon|tablet\u00bb custom_css_main_element_tablet=\u00bborder: 2&#8243; custom_css_main_element_phone=\u00bborder: 2&#8243;][et_pb_text admin_label=\u00bbText\u00bb _builder_version=\u00bb4.27.5&#8243; background_size=\u00bbinitial\u00bb background_position=\u00bbtop_left\u00bb background_repeat=\u00bbrepeat\u00bb custom_margin_tablet=\u00bb2em||||false|false\u00bb custom_margin_phone=\u00bb2em||||false|false\u00bb custom_margin_last_edited=\u00bbon|tablet\u00bb global_colors_info=\u00bb{}\u00bb]<\/p>\n<h2>Overview<\/h2>\n<p>Founded in 1982, Sonoma Valley Hospital Foundation serves as the philanthropic arm of Sonoma Valley Hospital, cultivating community support and raising funds to assist the Hospital in its mission to maintain, improve and restore the health of everyone in our community.<\/p>\n<p>In 2024, Sonoma Valley Hospital secured a new 3 Tesla MRI, thanks to the support of SVHF generous donors the $21M+ Outpatient Diagnostic Center capital campaign has transformed SVH\u2019s diagnostic capabilities. In 2023, the Foundation secured $770,000 from the Sonoma Valley community supported toward Sonoma Valley Hospital&#8217;s conversion to using the Epic\/MyChart electronic health record (EHR). The philanthropic response from our valley helped SVH make the $4M+ transition to this new platform.<\/p>\n<p>SVHF has enabled the hospital to enhance medical services, expand health care and wellness programs, upgrade facilities, and offer services to patients who could not otherwise afford to pay for care. Dollars raised by the SVHF supports capital equipment purchases, facility upgrades, and certain community health services such as our mammography program for uninsured women. \u00abtest\u00bb<a href=\"https:\/\/www.svhfoundation.com\"><\/a><\/p>\n<p>[\/et_pb_text][\/et_pb_column][et_pb_column type=\u00bb1_3&#8243; _builder_version=\u00bb4.27.5&#8243; background_enable_color=\u00bboff\u00bb custom_padding=\u00bb||||true|true\u00bb global_colors_info=\u00bb{}\u00bb custom_padding__hover=\u00bb|||\u00bb custom_css_main_element_last_edited=\u00bbon|tablet\u00bb custom_css_main_element_tablet=\u00bborder: 1;\u00bb custom_css_main_element_phone=\u00bborder: 1;\u00bb][et_pb_text _builder_version=\u00bb4.27.5&#8243; _module_preset=\u00bbdefault\u00bb background_color=\u00bb#D7E2E7&#8243; custom_padding=\u00bb50px||50px|50px|true|false\u00bb border_radii=\u00bbon|7px|7px|7px|7px\u00bb global_colors_info=\u00bb{}\u00bb]<\/p>\n<p><a href=\"https:\/\/svh.bitsculptor.net\/es\/fundacion-del-hospital-del-valle-de-sonoma\/experiencias\/\">Experiencias<\/a><\/p>\n<p><a href=\"https:\/\/svh.bitsculptor.net\/es\/fundacion-del-hospital-del-valle-de-sonoma\/donar\/\">Donar<\/a><\/p>\n<p><a href=\"https:\/\/svh.bitsculptor.net\/es\/fundacion-del-hospital-del-valle-de-sonoma\/simposio-sobre-la-salud-de-la-mujer\/\">Simposio Sobre la Salud de la Mujer<\/a><\/p>\n<p><a href=\"https:\/\/svh.bitsculptor.net\/es\/fundacion-del-hospital-del-valle-de-sonoma\/informes-anuales\/\">Informes Anuales<\/a><\/p>\n<p><a href=\"https:\/\/svh.bitsculptor.net\/es\/fundacion-del-hospital-del-valle-de-sonoma\/nuestros-programas\/\">Nuestros Programas<\/a><\/p>\n<p>[\/et_pb_text][\/et_pb_column][\/et_pb_row][et_pb_row _builder_version=\u00bb4.27.4&#8243; _module_preset=\u00bbdefault\u00bb custom_margin=\u00bb0px||0px||false|false\u00bb custom_padding=\u00bb||20px||false|false\u00bb global_colors_info=\u00bb{}\u00bb][et_pb_column type=\u00bb4_4&#8243; _builder_version=\u00bb4.27.4&#8243; _module_preset=\u00bbdefault\u00bb global_colors_info=\u00bb{}\u00bb][et_pb_heading title=\u00bbQui\u00e9nes somos\u00bb _builder_version=\u00bb4.27.4&#8243; _module_preset=\u00bbdefault\u00bb title_level=\u00bbh2&#8243; global_colors_info=\u00bb{}\u00bb][\/et_pb_heading][\/et_pb_column][\/et_pb_row][et_pb_row _builder_version=\u00bb4.27.4&#8243; _module_preset=\u00bbdefault\u00bb custom_padding=\u00bb30px|40px|30px|40px|true|true\u00bb border_radii=\u00bbon|5px|5px|5px|5px\u00bb border_width_all=\u00bb1px\u00bb border_color_all=\u00bb#318096&#8243; global_colors_info=\u00bb{}\u00bb][et_pb_column type=\u00bb4_4&#8243; _builder_version=\u00bb4.27.4&#8243; _module_preset=\u00bbdefault\u00bb global_colors_info=\u00bb{}\u00bb][et_pb_text _builder_version=\u00bb4.27.5&#8243; _module_preset=\u00bbdefault\u00bb global_colors_info=\u00bb{}\u00bb]<\/p>\n<h4>Foundation<\/h4>\n<p>Los voluntarios del Consejo de Direcci\u00f3n y del Consejo Asesor son el coraz\u00f3n de la Fundaci\u00f3n. Estamos agradecidos por su tiempo, experiencia y apoyo financiero.<\/p>\n<p>[\/et_pb_text][et_pb_tabs _builder_version=\u00bb4.27.5&#8243; _module_preset=\u00bbdefault\u00bb locked=\u00bboff\u00bb global_colors_info=\u00bb{}\u00bb][et_pb_tab title=\u00bbFoundation Board\u00bb _builder_version=\u00bb4.27.5&#8243; _module_preset=\u00bbdefault\u00bb custom_css_free_form=\u00bbselector td {||  vertical-align:top;||}||||selector td {||\tpadding-bottom:2em;||}||||selector img {||\twidth:156px;||}\u00bb global_colors_info=\u00bb{}\u00bb]<\/p>\n<h3>Board of Directors<\/h3>\n<table border=\"0\" style=\"width: 100%; border-collapse: collapse;\">\n<tbody>\n<tr>\n<td style=\"width: 25%; text-align: center;\"><a href=\"\/wp-content\/uploads\/2026\/04\/lbennett_bio.pdf\" target=\"_blank\" rel=\"noopener\"><img decoding=\"async\" src=\"https:\/\/svh.bitsculptor.net\/wp-content\/uploads\/2026\/04\/lbennett.jpg\" width=\"156\" height=\"170\" alt=\"\" class=\"wp-image-22537 aligncenter size-full\" \/><strong>Lindsay Bennet<\/strong><\/a><br \/>Chair<\/td>\n<td style=\"width: 25%; text-align: center;\"><a href=\"\/wp-content\/uploads\/2026\/04\/bio_debalmann.pdf\" target=\"_blank\" rel=\"noopener\"><img decoding=\"async\" src=\"https:\/\/svh.bitsculptor.net\/wp-content\/uploads\/2026\/04\/board_debalmann.jpg\" width=\"156\" height=\"170\" alt=\"\" class=\"wp-image-22535 aligncenter size-full\" \/><strong>Yves de Balmann<\/strong><\/a><br \/>Vice-Chair<\/td>\n<td style=\"width: 25%; text-align: center;\"><a href=\"\/wp-content\/uploads\/2026\/04\/Currier-brief-bio-2023.pdf\" target=\"_blank\" rel=\"noopener\"><strong><img decoding=\"async\" src=\"https:\/\/svh.bitsculptor.net\/wp-content\/uploads\/2026\/04\/barryc.png\" width=\"156\" alt=\"\" class=\"wp-image-22533 aligncenter size-full\" \/>Barry Currier<\/strong><\/a><\/td>\n<td style=\"width: 25%; text-align: center;\"><strong><a href=\"\/wp-content\/uploads\/2026\/04\/Arthur-Grandy-V2.pdf\" target=\"_blank\" rel=\"noopener\"><img decoding=\"async\" src=\"https:\/\/svh.bitsculptor.net\/wp-content\/uploads\/2026\/04\/art-thumb.jpg\" width=\"156\" height=\"170\" alt=\"\" class=\"wp-image-22531 aligncenter size-full\" \/>Art Grandy<\/a><\/strong><a href=\"\/wp-content\/uploads\/2026\/04\/Currier-brief-bio-2023.pdf\" target=\"_blank\" rel=\"noopener\" style=\"font-family: inherit; font-size: inherit;\"><strong><\/strong><\/a><strong><\/strong><\/td>\n<\/tr>\n<tr>\n<td style=\"width: 25%; text-align: center;\"><strong><a href=\"\/wp-content\/uploads\/2026\/04\/j_hirsch_bio.pdf\" target=\"_blank\" rel=\"noopener\"><img decoding=\"async\" src=\"https:\/\/svh.bitsculptor.net\/wp-content\/uploads\/2026\/04\/hirsch.jpg\" width=\"156\" height=\"170\" alt=\"\" class=\"wp-image-22529 aligncenter size-full\" \/>Jane Hirsch<\/a><\/strong><strong style=\"font-family: inherit; font-size: inherit;\"><a href=\"\/wp-content\/uploads\/2026\/04\/Currier-brief-bio-2023.pdf\" target=\"_blank\" rel=\"noopener\"><\/a><\/strong><a href=\"\/wp-content\/uploads\/2026\/04\/Currier-brief-bio-2023.pdf\" target=\"_blank\" rel=\"noopener\" style=\"font-family: inherit; font-size: inherit;\"><strong><\/strong><\/a><\/td>\n<td style=\"width: 25%; text-align: center;\"><strong><a href=\"\/wp-content\/uploads\/2026\/04\/Hughes-Bio-with-Photo.pdf\" target=\"_blank\" rel=\"noopener\"><img decoding=\"async\" src=\"https:\/\/svh.bitsculptor.net\/wp-content\/uploads\/2026\/04\/svhcherie-150x150-1.png\" width=\"156\" alt=\"\" class=\"wp-image-22527 aligncenter size-full\" \/>Cherie Hughes<\/a><\/strong><\/td>\n<td style=\"width: 25%; text-align: center;\"><strong><a href=\"\/wp-content\/uploads\/2026\/04\/s_macrostie_bio.pdf\" target=\"_blank\" rel=\"noopener\"><img decoding=\"async\" src=\"https:\/\/svh.bitsculptor.net\/wp-content\/uploads\/2026\/04\/macrostie.jpg\" width=\"156\" height=\"170\" alt=\"\" class=\"wp-image-22525 aligncenter size-full\" \/>Steve MacRostie<\/a><\/strong><\/td>\n<td style=\"width: 25%; text-align: center;\"><a href=\"\/wp-content\/uploads\/2026\/04\/Simon-Blattner-bio.pdf\" target=\"_blank\" rel=\"noopener\"><img decoding=\"async\" src=\"https:\/\/svh.bitsculptor.net\/wp-content\/uploads\/2026\/04\/simonb-150x150-1.jpg\" width=\"150\" height=\"150\" alt=\"\" class=\"wp-image-22523 aligncenter size-full\" \/><strong>Simon Blattner<\/strong><\/a><\/td>\n<\/tr>\n<tr>\n<td style=\"width: 25%; text-align: center;\"><a href=\"\/wp-content\/uploads\/2026\/04\/bio_sealey.pdf\" target=\"_blank\" rel=\"noopener\"><img decoding=\"async\" src=\"https:\/\/svh.bitsculptor.net\/wp-content\/uploads\/2026\/04\/board_sealy.jpg\" width=\"156\" height=\"170\" alt=\"\" class=\"wp-image-22521 aligncenter size-full\" \/><strong>Elizabeth Sealey<\/strong><\/a><\/td>\n<td style=\"width: 25%; text-align: center;\"><a href=\"\/wp-content\/uploads\/2026\/04\/Sebastian-bio-1-20_V2.pdf\" target=\"_blank\" rel=\"noopener\"><img decoding=\"async\" src=\"https:\/\/svh.bitsculptor.net\/wp-content\/uploads\/2026\/04\/sebastian.jpg\" width=\"156\" height=\"170\" alt=\"\" class=\"wp-image-22519 aligncenter size-full\" \/><strong>Brian Sebastian, MD<\/strong><\/a><\/td>\n<td style=\"width: 25%; text-align: center;\"><a href=\"\/wp-content\/uploads\/2026\/04\/Fenton-Bio-SVH.pdf\" target=\"_blank\" rel=\"noopener\"><img decoding=\"async\" src=\"https:\/\/svh.bitsculptor.net\/wp-content\/uploads\/2026\/04\/Fenton.jpg\" width=\"156\" height=\"170\" alt=\"\" class=\"wp-image-22517 aligncenter size-full\" \/><strong>Andrew Fenton, MD<\/strong><\/a><\/td>\n<td style=\"width: 25%; text-align: center;\"><a href=\"\/wp-content\/uploads\/2026\/04\/Gibbons-Bio.pdf\" target=\"_blank\" rel=\"noopener\"><img decoding=\"async\" src=\"https:\/\/svh.bitsculptor.net\/wp-content\/uploads\/2026\/04\/Gibbons.jpg\" width=\"156\" height=\"170\" alt=\"\" class=\"wp-image-22515 aligncenter size-full\" \/><strong>John Gibbons<\/strong><\/a><\/td>\n<\/tr>\n<\/tbody>\n<\/table>\n<h3>Ex-officio Board Members<\/h3>\n<table border=\"0\" style=\"width: 100%; border-collapse: collapse;\">\n<tbody>\n<tr>\n<td style=\"width: 25%; text-align: center;\"><a href=\"\/wp-content\/uploads\/2026\/04\/Wendy-Lee-Myatt.pdf\" target=\"_blank\" rel=\"noopener\"><img decoding=\"async\" src=\"https:\/\/svh.bitsculptor.net\/wp-content\/uploads\/2026\/04\/2022_11.11_Wendy-047-Edit_crop-e1749663782522.jpg\" width=\"105\" height=\"150\" alt=\"\" class=\"wp-image-22513 aligncenter size-full\" \/><strong>Wendy Lee Myatt<\/strong><\/a><\/td>\n<td style=\"width: 25%; text-align: center;\"><a href=\"\/wp-content\/uploads\/2026\/04\/Ben-Armfield-bio.pdf\" target=\"_blank\" rel=\"noopener\"><img decoding=\"async\" src=\"https:\/\/svh.bitsculptor.net\/wp-content\/uploads\/2026\/04\/BenArmfieldProfessionalPhoto-214x300-1-150x150-1.jpg\" width=\"150\" height=\"150\" alt=\"\" class=\"wp-image-22511 aligncenter size-full\" \/><strong>Ben Armfield<\/strong><\/a><\/td>\n<td style=\"width: 25%;\"><\/td>\n<td style=\"width: 25%;\"><\/td>\n<\/tr>\n<\/tbody>\n<\/table>\n<h3>Advisory Council<\/h3>\n<p>Suzanne Brangham<br \/>Gerry Brinton<br \/>Thomas Landy<br \/>Martha Murphy<br \/>Gary Nelson<br \/>Steve Page<br \/>Buddy Pepp<br \/>Steve Sangiacomo<\/p>\n<h3>Foundation Team<\/h3>\n<table border=\"0\" style=\"width: 100%; border-collapse: collapse;\">\n<tbody>\n<tr>\n<td style=\"width: 25%; text-align: center;\"><strong><img decoding=\"async\" src=\"https:\/\/svh.bitsculptor.net\/wp-content\/uploads\/2026\/04\/LPetersen-200x300-1.jpg\" width=\"200\" height=\"300\" alt=\"\" class=\"wp-image-22509 aligncenter size-full\" \/>Leslie Petersen<\/strong><br \/>Executive Director<\/td>\n<td style=\"width: 25%;\"><\/td>\n<td style=\"width: 25%;\"><\/td>\n<td style=\"width: 25%;\"><\/td>\n<\/tr>\n<\/tbody>\n<\/table>\n<p>&nbsp;<\/p>\n<p>[\/et_pb_tab][et_pb_tab title=\u00bbFinancials and Reports\u00bb _builder_version=\u00bb4.27.5&#8243; _module_preset=\u00bbdefault\u00bb global_colors_info=\u00bb{}\u00bb]<\/p>\n<p><span>SVHF distributes millions of dollars in grant funding to Sonoma Valley Hospital. Grants are primarily for capital needs such as the new MRI center, recent 3rd floor renovations, and small equipment replacement, but also include funds for Project Pink and SVH staff education and career advancement.<\/span><\/p>\n<p><a href=\"\/wp-content\/uploads\/2026\/04\/2024-Sonoma-Valley-Hospital-Foundation-990-for-website.pdf\" target=\"_blank\" rel=\"noopener\"><span>2024 990 Tax Return<\/span><\/a><\/p>\n<p><a href=\"\/wp-content\/uploads\/2026\/04\/2023-Sonoma-Valley-Hospital-Foundation-990-only.pdf\" target=\"_blank\" rel=\"noopener\"><span>2023 990 Tax Return<\/span><\/a><\/p>\n<p><a href=\"\/wp-content\/uploads\/2026\/04\/SVHF-Tax-Filing-2022.-WV2.pdf\" target=\"_blank\" rel=\"noopener\"><span>2022 990 Tax Return<\/span><\/a><\/p>\n<p>[\/et_pb_tab][et_pb_tab title=\u00bbFoundation History\u00bb _builder_version=\u00bb4.27.5&#8243; _module_preset=\u00bbdefault\u00bb global_colors_info=\u00bb{}\u00bb]<\/p>\n<p>Since its founding in 1982, Sonoma Valley Hospital Foundation has enabled the hospital to enhance medical services, expand health care and wellness programs, upgrade facilities, and offer services to patients who could not otherwise afford to pay for care.<\/p>\n<p>Established in 1957, the hospital, with 24 acute care beds and a 27-bed Skilled Nursing Facility, operates under the auspices of the Sonoma Valley Health Care District, which was created in March 22, 1946, by community residents who saw a critical shortage of hospital beds in the State following World War II. Today, Sonoma Valley Hospital embraces the Healing Hospital model of care and offers services that encompass the whole spectrum of health care needs, underscoring its mission to \u201cmaintain, improve and restore the health of everyone in our community.\u201d<\/p>\n<p>The Foundation serves as the philanthropic arm of Sonoma Valley Hospital, cultivating community support and raising funds to assist the Hospital in its mission to maintain, improve and restore the health of everyone in our community.<\/p>\n<p>Our Hospital relies mainly on reimbursements for services with support from a Parcel Tax. But it also counts on philanthropy dollars raised by the Foundation for capital equipment purchases, some facility improvements, and certain community health services such as our mammography program for uninsured women, which is funded by the Foundation.<\/p>\n<p>[\/et_pb_tab][\/et_pb_tabs][\/et_pb_column][\/et_pb_row][\/et_pb_section]<\/p>\n","protected":false},"excerpt":{"rendered":"<p>Overview Founded in 1982, Sonoma Valley Hospital Foundation serves as the philanthropic arm of Sonoma Valley Hospital, cultivating community support and raising funds to assist the Hospital in its mission to maintain, improve and restore the health of everyone in our community. In 2024, Sonoma Valley Hospital secured a new 3 Tesla MRI, thanks to [&hellip;]<\/p>\n","protected":false},"author":1,"featured_media":17641,"parent":0,"menu_order":30,"comment_status":"closed","ping_status":"closed","template":"","meta":{"_et_pb_use_builder":"on","_et_pb_old_content":"","_et_gb_content_width":"","footnotes":""},"class_list":["post-22588","page","type-page","status-publish","has-post-thumbnail","hentry"],"_links":{"self":[{"href":"https:\/\/svh.bitsculptor.net\/es\/wp-json\/wp\/v2\/pages\/22588","targetHints":{"allow":["GET"]}}],"collection":[{"href":"https:\/\/svh.bitsculptor.net\/es\/wp-json\/wp\/v2\/pages"}],"about":[{"href":"https:\/\/svh.bitsculptor.net\/es\/wp-json\/wp\/v2\/types\/page"}],"author":[{"embeddable":true,"href":"https:\/\/svh.bitsculptor.net\/es\/wp-json\/wp\/v2\/users\/1"}],"replies":[{"embeddable":true,"href":"https:\/\/svh.bitsculptor.net\/es\/wp-json\/wp\/v2\/comments?post=22588"}],"version-history":[{"count":2,"href":"https:\/\/svh.bitsculptor.net\/es\/wp-json\/wp\/v2\/pages\/22588\/revisions"}],"predecessor-version":[{"id":22590,"href":"https:\/\/svh.bitsculptor.net\/es\/wp-json\/wp\/v2\/pages\/22588\/revisions\/22590"}],"wp:featuredmedia":[{"embeddable":true,"href":"https:\/\/svh.bitsculptor.net\/es\/wp-json\/wp\/v2\/media\/17641"}],"wp:attachment":[{"href":"https:\/\/svh.bitsculptor.net\/es\/wp-json\/wp\/v2\/media?parent=22588"}],"curies":[{"name":"wp","href":"https:\/\/api.w.org\/{rel}","templated":true}]}}